{"id":17,"date":"2026-01-28T15:14:13","date_gmt":"2026-01-28T14:14:13","guid":{"rendered":"https:\/\/www.chakaluna.fr\/?page_id=17"},"modified":"2026-01-28T18:40:51","modified_gmt":"2026-01-28T17:40:51","slug":"accueil","status":"publish","type":"page","link":"https:\/\/www.chakaluna.fr\/","title":{"rendered":"Accueil"},"content":{"rendered":"\t\t<div data-elementor-type=\"wp-page\" data-elementor-id=\"17\" class=\"elementor elementor-17\" data-elementor-post-type=\"page\">\n\t\t\t\t<div class=\"elementor-element elementor-element-62fa084 e-flex e-con-boxed e-con e-parent\" data-id=\"62fa084\" data-element_type=\"container\">\n\t\t\t\t\t<div class=\"e-con-inner\">\n\t\t\t\t<div class=\"elementor-element elementor-element-34e6071 animated-slow elementor-invisible elementor-widget elementor-widget-heading\" data-id=\"34e6071\" data-element_type=\"widget\" data-settings=\"{&quot;_animation&quot;:&quot;slideInDown&quot;}\" data-widget_type=\"heading.default\">\n\t\t\t\t\t<h4 class=\"elementor-heading-title elementor-size-default\">Accompagnement au bien-\u00eatre et \u00e0 une alimentation sereine<\/h4>\t\t\t\t<\/div>\n\t\t\t\t\t<\/div>\n\t\t\t\t<\/div>\n\t\t<div class=\"elementor-element elementor-element-8241911 e-flex e-con-boxed e-con e-parent\" data-id=\"8241911\" data-element_type=\"container\">\n\t\t\t\t\t<div class=\"e-con-inner\">\n\t\t<div class=\"elementor-element elementor-element-d9f4b1c e-con-full e-flex e-con e-child\" data-id=\"d9f4b1c\" data-element_type=\"container\">\n\t\t\t\t<div class=\"elementor-element elementor-element-874fd47 animated-slow elementor-invisible elementor-widget elementor-widget-image\" data-id=\"874fd47\" data-element_type=\"widget\" data-settings=\"{&quot;_animation&quot;:&quot;fadeIn&quot;}\" data-widget_type=\"image.default\">\n\t\t\t\t\t\t\t\t\t\t\t\t\t\t\t<img fetchpriority=\"high\" decoding=\"async\" width=\"800\" height=\"600\" src=\"https:\/\/www.chakaluna.fr\/wp-content\/uploads\/2026\/01\/DSCN7076-1024x768-1.jpg\" class=\"attachment-large size-large wp-image-93\" alt=\"\" srcset=\"https:\/\/www.chakaluna.fr\/wp-content\/uploads\/2026\/01\/DSCN7076-1024x768-1.jpg 1024w, https:\/\/www.chakaluna.fr\/wp-content\/uploads\/2026\/01\/DSCN7076-1024x768-1-300x225.jpg 300w, https:\/\/www.chakaluna.fr\/wp-content\/uploads\/2026\/01\/DSCN7076-1024x768-1-768x576.jpg 768w, https:\/\/www.chakaluna.fr\/wp-content\/uploads\/2026\/01\/DSCN7076-1024x768-1-600x450.jpg 600w\" sizes=\"(max-width: 800px) 100vw, 800px\" \/>\t\t\t\t\t\t\t\t\t\t\t\t\t\t\t<\/div>\n\t\t\t\t<\/div>\n\t\t<div class=\"elementor-element elementor-element-c05716a e-con-full e-flex e-con e-child\" data-id=\"c05716a\" data-element_type=\"container\">\n\t\t<div class=\"elementor-element elementor-element-9e1b823 e-con-full e-flex e-con e-child\" data-id=\"9e1b823\" data-element_type=\"container\">\n\t\t\t\t<div class=\"elementor-element elementor-element-5f0dd58 elementor-widget elementor-widget-heading\" data-id=\"5f0dd58\" data-element_type=\"widget\" data-widget_type=\"heading.default\">\n\t\t\t\t\t<h2 class=\"elementor-heading-title elementor-size-default\">Qui suis-je?<\/h2>\t\t\t\t<\/div>\n\t\t\t\t<\/div>\n\t\t<div class=\"elementor-element elementor-element-7f1e6cc e-con-full e-flex e-con e-child\" data-id=\"7f1e6cc\" data-element_type=\"container\">\n\t\t\t\t<div class=\"elementor-element elementor-element-d4a3f48 elementor-widget elementor-widget-heading\" data-id=\"d4a3f48\" data-element_type=\"widget\" data-settings=\"{&quot;_animation&quot;:&quot;none&quot;}\" data-widget_type=\"heading.default\">\n\t\t\t\t\t<h6 class=\"elementor-heading-title elementor-size-default\">\"Le bien-\u00eatre des autres et au coeur de mon activit\u00e9 que ce soit en consultation ou en atelier.\"<\/h6>\t\t\t\t<\/div>\n\t\t<div class=\"elementor-element elementor-element-5f50a9c e-con-full e-flex e-con e-child\" data-id=\"5f50a9c\" data-element_type=\"container\">\n\t\t\t\t<div class=\"elementor-element elementor-element-d3764df elementor-widget elementor-widget-text-editor\" data-id=\"d3764df\" data-element_type=\"widget\" data-widget_type=\"text-editor.default\">\n\t\t\t\t\t\t\t\t\t<p>Cette pr\u00e9occupation est ancienne pour moi mais a pris un tournant lorsque je suis all\u00e9e explorer le P\u00e9rou.<\/p><p>Ce voyage m&rsquo;a ouvert les yeux sur le monde, sur moi et sur les autres. J&rsquo;ai d\u00e9couvert des mani\u00e8res de penser et d&rsquo;interagir avec l&rsquo;autre qui m&rsquo;\u00e9taient nouvelles.<\/p>\t\t\t\t\t\t\t\t<\/div>\n\t\t<div class=\"elementor-element elementor-element-629eb53 e-con-full e-flex e-con e-child\" data-id=\"629eb53\" data-element_type=\"container\">\n\t\t\t\t<div class=\"elementor-element elementor-element-c7f5bfc elementor-widget elementor-widget-text-editor\" data-id=\"c7f5bfc\" data-element_type=\"widget\" data-widget_type=\"text-editor.default\">\n\t\t\t\t\t\t\t\t\t<p>Par exemple, comment r\u00e9agiriez-vous si vous \u00e9tiez accompagn\u00e9 \u00e0 l&rsquo;autre bout du monde par un gu\u00e9risseur <strong><em>tabachero<\/em><\/strong> qui vous soigne avec un traitement naturel au tabac alors que l&rsquo;on vous a toujours expliqu\u00e9 que c&rsquo;\u00e9tait nocif? Et si on vous parlait de la terre comme d&rsquo;une personne: la <em><strong>Pachamama<\/strong>?<\/em><\/p>\t\t\t\t\t\t\t\t<\/div>\n\t\t\t\t<\/div>\n\t\t\t\t<\/div>\n\t\t\t\t<\/div>\n\t\t\t\t<\/div>\n\t\t\t\t\t<\/div>\n\t\t\t\t<\/div>\n\t\t<div class=\"elementor-element elementor-element-cbab40b e-flex e-con-boxed e-con e-parent\" data-id=\"cbab40b\" data-element_type=\"container\">\n\t\t\t\t\t<div class=\"e-con-inner\">\n\t\t\t\t\t<\/div>\n\t\t\t\t<\/div>\n\t\t<div class=\"elementor-element elementor-element-19dc523 e-flex e-con-boxed e-con e-parent\" data-id=\"19dc523\" data-element_type=\"container\">\n\t\t\t\t\t<div class=\"e-con-inner\">\n\t\t<div class=\"elementor-element elementor-element-539cf9a e-con-full e-flex e-con e-child\" data-id=\"539cf9a\" data-element_type=\"container\">\n\t\t\t\t<div class=\"elementor-element elementor-element-f2ba36a elementor-widget elementor-widget-heading\" data-id=\"f2ba36a\" data-element_type=\"widget\" data-widget_type=\"heading.default\">\n\t\t\t\t\t<h2 class=\"elementor-heading-title elementor-size-default\">L'exp\u00e9rience p\u00e9ruvienne<\/h2>\t\t\t\t<\/div>\n\t\t\t\t<div class=\"elementor-element elementor-element-9e6176b elementor-widget elementor-widget-text-editor\" data-id=\"9e6176b\" data-element_type=\"widget\" data-widget_type=\"text-editor.default\">\n\t\t\t\t\t\t\t\t\t<p>A mon retour, forte de mes exp\u00e9riences spirituelles, j&rsquo;ai pris la d\u00e9cision de me former au Reiki et de poursuivre ma qu\u00eate du bonheur et du bien-\u00eatre (m\u00e9ditation, alimentation, gestion des \u00e9motions, connexion \u00e0 l&rsquo;autre, &#8230;)<\/p>\t\t\t\t\t\t\t\t<\/div>\n\t\t<div class=\"elementor-element elementor-element-fe3258c e-con-full e-flex e-con e-child\" data-id=\"fe3258c\" data-element_type=\"container\">\n\t\t\t\t<div class=\"elementor-element elementor-element-26ff2b1 elementor-widget elementor-widget-text-editor\" data-id=\"26ff2b1\" data-element_type=\"widget\" data-widget_type=\"text-editor.default\">\n\t\t\t\t\t\t\t\t\t<p>Je suis d\u00e9sormais celle que je suis, construite avec toutes mes exp\u00e9riences personnelles et profesionnelles pour vous accompagner vers le bien-\u00eatre. Je vous propose donc un accompagnement global pour vous reconnecter \u00e0 vous, \u00e0 vos besoins, \u00e0 vos envies.<\/p>\t\t\t\t\t\t\t\t<\/div>\n\t\t\t\t<\/div>\n\t\t\t\t<\/div>\n\t\t<div class=\"elementor-element elementor-element-ff50b38 e-con-full e-flex e-con e-child\" data-id=\"ff50b38\" data-element_type=\"container\">\n\t\t\t\t<div class=\"elementor-element elementor-element-db062a8 elementor-widget elementor-widget-image\" data-id=\"db062a8\" data-element_type=\"widget\" data-widget_type=\"image.default\">\n\t\t\t\t\t\t\t\t\t\t\t\t\t\t\t<img decoding=\"async\" src=\"https:\/\/www.perou-sur-mesure.com\/uploads\/sites\/50\/2020\/01\/cover-machu-picchu-vue-360.jpeg\" title=\"\" alt=\"\" loading=\"lazy\" \/>\t\t\t\t\t\t\t\t\t\t\t\t\t\t\t<\/div>\n\t\t\t\t<\/div>\n\t\t\t\t\t<\/div>\n\t\t\t\t<\/div>\n\t\t<div class=\"elementor-element elementor-element-b96d409 e-flex e-con-boxed e-con e-parent\" data-id=\"b96d409\" data-element_type=\"container\">\n\t\t\t\t\t<div class=\"e-con-inner\">\n\t\t\t\t<div class=\"elementor-element elementor-element-22996fb elementor-widget__width-initial animated-slow elementor-invisible elementor-widget elementor-widget-image\" data-id=\"22996fb\" data-element_type=\"widget\" data-settings=\"{&quot;_animation&quot;:&quot;fadeIn&quot;}\" data-widget_type=\"image.default\">\n\t\t\t\t\t\t\t\t\t\t\t\t\t\t\t<img decoding=\"async\" src=\"https:\/\/encrypted-tbn0.gstatic.com\/images?q=tbn:ANd9GcQHnKtZ695XaXtjCPYMtxhMcqY9HKrHQZ6Q_Q&#038;s\" title=\"\" alt=\"\" loading=\"lazy\" \/>\t\t\t\t\t\t\t\t\t\t\t\t\t\t\t<\/div>\n\t\t<div class=\"elementor-element elementor-element-ace4903 e-con-full e-flex e-con e-child\" data-id=\"ace4903\" data-element_type=\"container\">\n\t\t\t\t<div class=\"elementor-element elementor-element-0dcbb38 elementor-widget elementor-widget-heading\" data-id=\"0dcbb38\" data-element_type=\"widget\" data-widget_type=\"heading.default\">\n\t\t\t\t\t<h2 class=\"elementor-heading-title elementor-size-default\">Mes consultations se fondent sur quatre piliers<\/h2>\t\t\t\t<\/div>\n\t\t<div class=\"elementor-element elementor-element-c6c5bb5 e-con-full e-flex e-con e-child\" data-id=\"c6c5bb5\" data-element_type=\"container\">\n\t\t\t\t<div class=\"elementor-element elementor-element-7b91718 elementor-widget__width-inherit animated-slow elementor-invisible elementor-widget elementor-widget-text-editor\" data-id=\"7b91718\" data-element_type=\"widget\" data-settings=\"{&quot;_animation&quot;:&quot;fadeIn&quot;}\" data-widget_type=\"text-editor.default\">\n\t\t\t\t\t\t\t\t\t<ul><li>Se comprendre<\/li><li>G\u00e9rer ses \u00e9motions<\/li><li>Apprendre \u00e0 se nourrir<\/li><li>Prendre confiance en soi<\/li><\/ul>\t\t\t\t\t\t\t\t<\/div>\n\t\t\t\t<\/div>\n\t\t\t\t<\/div>\n\t\t\t\t\t<\/div>\n\t\t\t\t<\/div>\n\t\t<div class=\"elementor-element elementor-element-1547d3a e-flex e-con-boxed e-con e-parent\" data-id=\"1547d3a\" data-element_type=\"container\">\n\t\t\t\t\t<div class=\"e-con-inner\">\n\t\t\t\t<div class=\"elementor-element elementor-element-566e430 elementor-widget elementor-widget-heading\" data-id=\"566e430\" data-element_type=\"widget\" data-widget_type=\"heading.default\">\n\t\t\t\t\t<h2 class=\"elementor-heading-title elementor-size-default\">Pourquoi me consulter?<\/h2>\t\t\t\t<\/div>\n\t\t\t\t<div class=\"elementor-element elementor-element-dd7bce6 elementor-widget elementor-widget-text-editor\" data-id=\"dd7bce6\" data-element_type=\"widget\" data-widget_type=\"text-editor.default\">\n\t\t\t\t\t\t\t\t\t<h1><strong>Site actuellement en construction. Veuillez nous en excuser.<\/strong><\/h1>\t\t\t\t\t\t\t\t<\/div>\n\t\t\t\t\t<\/div>\n\t\t\t\t<\/div>\n\t\t<div class=\"elementor-element elementor-element-553726a e-flex e-con-boxed e-con e-parent\" data-id=\"553726a\" data-element_type=\"container\">\n\t\t\t\t\t<div class=\"e-con-inner\">\n\t\t\t\t<div class=\"elementor-element elementor-element-23c7125 elementor-pagination-type-bullets elementor-arrows-position-inside elementor-pagination-position-outside elementor-widget elementor-widget-loop-carousel\" data-id=\"23c7125\" data-element_type=\"widget\" data-settings=\"{&quot;template_id&quot;:107,&quot;_skin&quot;:&quot;post&quot;,&quot;slides_to_show&quot;:&quot;3&quot;,&quot;slides_to_show_widescreen&quot;:&quot;3&quot;,&quot;slides_to_show_tablet&quot;:&quot;2&quot;,&quot;slides_to_show_mobile&quot;:&quot;1&quot;,&quot;slides_to_scroll&quot;:&quot;1&quot;,&quot;edit_handle_selector&quot;:&quot;.elementor-loop-container&quot;,&quot;autoplay&quot;:&quot;yes&quot;,&quot;autoplay_speed&quot;:5000,&quot;pause_on_hover&quot;:&quot;yes&quot;,&quot;pause_on_interaction&quot;:&quot;yes&quot;,&quot;infinite&quot;:&quot;yes&quot;,&quot;speed&quot;:500,&quot;offset_sides&quot;:&quot;none&quot;,&quot;arrows&quot;:&quot;yes&quot;,&quot;pagination&quot;:&quot;bullets&quot;,&quot;image_spacing_custom&quot;:{&quot;unit&quot;:&quot;px&quot;,&quot;size&quot;:10,&quot;sizes&quot;:[]},&quot;image_spacing_custom_widescreen&quot;:{&quot;unit&quot;:&quot;px&quot;,&quot;size&quot;:&quot;&quot;,&quot;sizes&quot;:[]},&quot;image_spacing_custom_tablet&quot;:{&quot;unit&quot;:&quot;px&quot;,&quot;size&quot;:&quot;&quot;,&quot;sizes&quot;:[]},&quot;image_spacing_custom_mobile&quot;:{&quot;unit&quot;:&quot;px&quot;,&quot;size&quot;:&quot;&quot;,&quot;sizes&quot;:[]}}\" data-widget_type=\"loop-carousel.post\">\n\t\t\t\t\t\t\t<div class=\"swiper elementor-loop-container elementor-grid\" role=\"list\" dir=\"ltr\">\n\t\t\t\t<div class=\"swiper-wrapper\" aria-live=\"off\">\n\t\t<style id=\"loop-107\"><\/style>\t\t<\/div>\n\t\t<\/div>\n\t\t\t\t\t<div class=\"elementor-swiper-button elementor-swiper-button-prev\" role=\"button\" tabindex=\"0\" aria-label=\"Previous\">\n\t\t\t\t<svg aria-hidden=\"true\" class=\"e-font-icon-svg e-eicon-chevron-left\" viewBox=\"0 0 1000 1000\" xmlns=\"http:\/\/www.w3.org\/2000\/svg\"><path d=\"M646 125C629 125 613 133 604 142L308 442C296 454 292 471 292 487 292 504 296 521 308 533L604 854C617 867 629 875 646 875 663 875 679 871 692 858 704 846 713 829 713 812 713 796 708 779 692 767L438 487 692 225C700 217 708 204 708 187 708 171 704 154 692 142 675 129 663 125 646 125Z\"><\/path><\/svg>\t\t\t<\/div>\n\t\t\t<div class=\"elementor-swiper-button elementor-swiper-button-next\" role=\"button\" tabindex=\"0\" aria-label=\"Next\">\n\t\t\t\t<svg aria-hidden=\"true\" class=\"e-font-icon-svg e-eicon-chevron-right\" viewBox=\"0 0 1000 1000\" xmlns=\"http:\/\/www.w3.org\/2000\/svg\"><path d=\"M696 533C708 521 713 504 713 487 713 471 708 454 696 446L400 146C388 133 375 125 354 125 338 125 325 129 313 142 300 154 292 171 292 187 292 204 296 221 308 233L563 492 304 771C292 783 288 800 288 817 288 833 296 850 308 863 321 871 338 875 354 875 371 875 388 867 400 854L696 533Z\"><\/path><\/svg>\t\t\t<\/div>\n\t\t\t\t\t<div class=\"swiper-pagination\"><\/div>\n\t\t\t\t\t\t<\/div>\n\t\t\t\t\t<\/div>\n\t\t\t\t<\/div>\n\t\t\t\t<\/div>\n\t\t","protected":false},"excerpt":{"rendered":"<p>Accompagnement au bien-\u00eatre et \u00e0 une alimentation sereine Qui suis-je? \u00ab\u00a0Le bien-\u00eatre des autres et au coeur de mon activit\u00e9 que ce soit en consultation ou en atelier.\u00a0\u00bb Cette pr\u00e9occupation est ancienne pour moi mais a pris un tournant lorsque je suis all\u00e9e explorer le P\u00e9rou. Ce voyage m&rsquo;a ouvert les yeux sur le monde, [&hellip;]<\/p>\n","protected":false},"author":1,"featured_media":0,"parent":0,"menu_order":0,"comment_status":"closed","ping_status":"closed","template":"","meta":{"footnotes":""},"class_list":["post-17","page","type-page","status-publish","hentry"],"jetpack_sharing_enabled":true,"_links":{"self":[{"href":"https:\/\/www.chakaluna.fr\/index.php\/wp-json\/wp\/v2\/pages\/17","targetHints":{"allow":["GET"]}}],"collection":[{"href":"https:\/\/www.chakaluna.fr\/index.php\/wp-json\/wp\/v2\/pages"}],"about":[{"href":"https:\/\/www.chakaluna.fr\/index.php\/wp-json\/wp\/v2\/types\/page"}],"author":[{"embeddable":true,"href":"https:\/\/www.chakaluna.fr\/index.php\/wp-json\/wp\/v2\/users\/1"}],"replies":[{"embeddable":true,"href":"https:\/\/www.chakaluna.fr\/index.php\/wp-json\/wp\/v2\/comments?post=17"}],"version-history":[{"count":29,"href":"https:\/\/www.chakaluna.fr\/index.php\/wp-json\/wp\/v2\/pages\/17\/revisions"}],"predecessor-version":[{"id":120,"href":"https:\/\/www.chakaluna.fr\/index.php\/wp-json\/wp\/v2\/pages\/17\/revisions\/120"}],"wp:attachment":[{"href":"https:\/\/www.chakaluna.fr\/index.php\/wp-json\/wp\/v2\/media?parent=17"}],"curies":[{"name":"wp","href":"https:\/\/api.w.org\/{rel}","templated":true}]}}